{"id":925,"date":"2023-12-29T19:34:33","date_gmt":"2023-12-29T18:34:33","guid":{"rendered":"http:\/\/test.sport.mutuacat.org\/politica-de-cookies\/"},"modified":"2026-03-04T14:05:50","modified_gmt":"2026-03-04T13:05:50","slug":"politica-de-cookies","status":"publish","type":"page","link":"https:\/\/sport.mutuacat.org\/es\/politica-de-cookies\/","title":{"rendered":"Pol\u00edtica de cookies"},"content":{"rendered":"\t\t<div data-elementor-type=\"wp-page\" data-elementor-id=\"925\" class=\"elementor elementor-925 elementor-915\" data-elementor-post-type=\"page\">\n\t\t\t\t\t\t<section class=\"elementor-section elementor-top-section elementor-element elementor-element-299c1d05 elementor-section-height-min-height elementor-section-boxed elementor-section-height-default elementor-section-items-middle\" data-id=\"299c1d05\" data-element_type=\"section\" data-e-type=\"section\" data-settings=\"{&quot;background_background&quot;:&quot;classic&quot;}\">\n\t\t\t\t\t\t\t<div class=\"elementor-background-overlay\"><\/div>\n\t\t\t\t\t\t\t<div class=\"elementor-container elementor-column-gap-default\">\n\t\t\t\t\t<div class=\"elementor-column elementor-col-100 elementor-top-column elementor-element elementor-element-5b032efd\" data-id=\"5b032efd\" data-element_type=\"column\" data-e-type=\"column\">\n\t\t\t<div class=\"elementor-widget-wrap elementor-element-populated\">\n\t\t\t\t\t\t<div class=\"elementor-element elementor-element-5754ec3b de_scroll_animation_no elementor-invisible elementor-widget elementor-widget-heading\" data-id=\"5754ec3b\" data-element_type=\"widget\" data-e-type=\"widget\" data-settings=\"{&quot;_animation&quot;:&quot;fadeIn&quot;}\" data-widget_type=\"heading.default\">\n\t\t\t\t<div class=\"elementor-widget-container\">\n\t\t\t\t\t<h2 class=\"elementor-heading-title elementor-size-default\">Pol\u00edtica de cookies<\/h2>\t\t\t\t<\/div>\n\t\t\t\t<\/div>\n\t\t\t\t<div class=\"elementor-element elementor-element-1a5547f8 elementor-icon-list--layout-inline elementor-align-center elementor-list-item-link-full_width de_scroll_animation_no elementor-invisible elementor-widget elementor-widget-icon-list\" data-id=\"1a5547f8\" data-element_type=\"widget\" data-e-type=\"widget\" data-settings=\"{&quot;_animation&quot;:&quot;fadeIn&quot;,&quot;_animation_delay&quot;:200}\" data-widget_type=\"icon-list.default\">\n\t\t\t\t<div class=\"elementor-widget-container\">\n\t\t\t\t\t\t\t<ul class=\"elementor-icon-list-items elementor-inline-items\">\n\t\t\t\t\t\t\t<li class=\"elementor-icon-list-item elementor-inline-item\">\n\t\t\t\t\t\t\t\t\t\t\t<a href=\"https:\/\/sport.mutuacat.org\/es\/\">\n\n\t\t\t\t\t\t\t\t\t\t\t<span class=\"elementor-icon-list-text\">Inicio<\/span>\n\t\t\t\t\t\t\t\t\t\t\t<\/a>\n\t\t\t\t\t\t\t\t\t<\/li>\n\t\t\t\t\t\t\t\t<li class=\"elementor-icon-list-item elementor-inline-item\">\n\t\t\t\t\t\t\t\t\t\t\t<span class=\"elementor-icon-list-icon\">\n\t\t\t\t\t\t\t<i aria-hidden=\"true\" class=\"icon icon-right-arrow1\"><\/i>\t\t\t\t\t\t<\/span>\n\t\t\t\t\t\t\t\t\t\t<span class=\"elementor-icon-list-text\">Pol\u00edtica de cookies<\/span>\n\t\t\t\t\t\t\t\t\t<\/li>\n\t\t\t\t\t\t<\/ul>\n\t\t\t\t\t\t<\/div>\n\t\t\t\t<\/div>\n\t\t\t\t\t<\/div>\n\t\t<\/div>\n\t\t\t\t\t<\/div>\n\t\t<\/section>\n\t\t\t\t<section class=\"elementor-section elementor-top-section elementor-element elementor-element-532c990 elementor-reverse-mobile elementor-section-boxed elementor-section-height-default elementor-section-height-default\" data-id=\"532c990\" data-element_type=\"section\" data-e-type=\"section\">\n\t\t\t\t\t\t<div class=\"elementor-container elementor-column-gap-default\">\n\t\t\t\t\t<div class=\"elementor-column elementor-col-100 elementor-top-column elementor-element elementor-element-37a8d19\" data-id=\"37a8d19\" data-element_type=\"column\" data-e-type=\"column\">\n\t\t\t<div class=\"elementor-widget-wrap elementor-element-populated\">\n\t\t\t\t\t\t<div class=\"elementor-element elementor-element-15f8bd5 de_scroll_animation_no elementor-widget elementor-widget-text-editor\" data-id=\"15f8bd5\" data-element_type=\"widget\" data-e-type=\"widget\" data-widget_type=\"text-editor.default\">\n\t\t\t\t<div class=\"elementor-widget-container\">\n\t\t\t\t\t\t\t\t\t<p><b>1. Definici\u00f3n de cookie<\/b><b><br><\/b><span style=\"font-weight: 400;\">Las cookies son archivos que se descargan en su equipo al acceder a la mayor\u00eda de sitios web. Permiten a una p\u00e1gina web, entre otras cosas, almacenar y recuperar informaci\u00f3n sobre los h\u00e1bitos de navegaci\u00f3n de un usuario o de su equipo (preferencias del sitio, informaci\u00f3n del perfil, etc.) y, dependiendo de la informaci\u00f3n que contengan y de la forma en que utilice su equipo, se pueden utilizar para reconocer al usuario.<\/span><span style=\"font-weight: 400;\"><br><\/span><span style=\"font-weight: 400;\">Las cookies pueden ser propias o de terceros. Las propias son aquellas establecidas por el dominio del mismo sitio web, mientras que las de terceros provienen de otras fuentes externas, como anuncios, im\u00e1genes, etc. insertados en las p\u00e1ginas.<\/span><span style=\"font-weight: 400;\"><br><\/span><span style=\"font-weight: 400;\">Para determinadas funciones del sitio sport.mutuacat.org es necesario tener habilitadas las cookies.<\/span><\/p><p><b>2. \u00bfQu\u00e9 informaci\u00f3n se almacena en una cookie?<\/b><b><br><\/b><span style=\"font-weight: 400;\">Las cookies no suelen almacenar informaci\u00f3n sensible sobre el usuario, sino que guardan datos de car\u00e1cter t\u00e9cnico, preferencias de navegaci\u00f3n, personalizaci\u00f3n de contenidos, etc. El servidor web no le asocia a usted como persona, sino a su navegador.<\/span><\/p><p><b>3. Clasificaci\u00f3n de las cookies<\/b><\/p><p><span style=\"font-weight: 400;\">Podemos clasificar las cookies seg\u00fan distintos criterios.<\/span><span style=\"font-weight: 400;\"><br><\/span><span style=\"font-weight: 400;\">Seg\u00fan el per\u00edodo en el que quedan activas:<\/span><span style=\"font-weight: 400;\"><br><\/span><span style=\"font-weight: 400;\">\u2013 De sesi\u00f3n: son cookies temporales que se crean cuando el usuario visita el sitio web y caducan cuando \u00e9ste finaliza la sesi\u00f3n, por lo que no quedan registradas en el equipo.<\/span><span style=\"font-weight: 400;\"><br><\/span><span style=\"font-weight: 400;\">\u2013 Persistentes: se almacenan en el equipo m\u00e1s all\u00e1 de la sesi\u00f3n de navegaci\u00f3n. Permiten a los sitios web recordar las preferencias y ajustes del usuario cuando \u00e9ste accede de nuevo. Se mantienen activas durante un tiempo establecido, que puede ir desde varios minutos hasta varios a\u00f1os.<\/span><span style=\"font-weight: 400;\"><br><\/span><span style=\"font-weight: 400;\">Seg\u00fan la entidad que las gestiona:<\/span><span style=\"font-weight: 400;\"><br><\/span><span style=\"font-weight: 400;\">&#8211; Propias: son aquellas establecidas por el dominio del sitio web que se est\u00e1 visitando y son esenciales para su funcionamiento.<\/span><span style=\"font-weight: 400;\"><br><\/span><span style=\"font-weight: 400;\">\u2013 De terceros: proceden de otras fuentes externas, como pueden ser anuncios, im\u00e1genes, etc. insertados en las p\u00e1ginas. Tienen finalidades estad\u00edsticas.<\/span><span style=\"font-weight: 400;\"><br><\/span><span style=\"font-weight: 400;\">Seg\u00fan su finalidad:<\/span><span style=\"font-weight: 400;\"><br><\/span><span style=\"font-weight: 400;\">\u2013 T\u00e9cnicas: son las m\u00e1s elementales y permiten, entre otras cosas, saber si est\u00e1 navegando un humano o una aplicaci\u00f3n automatizada, si navega un usuario an\u00f3nimo o uno registrado, etc. Se trata de tareas b\u00e1sicas para el funcionamiento de cualquier web din\u00e1mica.<\/span><span style=\"font-weight: 400;\"><br><\/span><span style=\"font-weight: 400;\">\u2013 De an\u00e1lisis: recogen informaci\u00f3n sobre el tipo de navegaci\u00f3n que se est\u00e1 realizando, las secciones que m\u00e1s se visitan, los productos consultados, la franja horaria de uso, el idioma, etc. Su finalidad es introducir mejoras a partir del an\u00e1lisis de comportamientos de navegaci\u00f3n.<\/span><span style=\"font-weight: 400;\"><br><\/span><span style=\"font-weight: 400;\">&#8211; Publicitarias: permiten la gesti\u00f3n de la publicidad en los espacios que se hayan habilitado en las p\u00e1ginas web, en funci\u00f3n de la navegaci\u00f3n del usuario, su pa\u00eds de procedencia, el idioma, etc.<\/span><\/p><p><b>4. \u00bfCu\u00e1les se utilizan en este sitio?<\/b><b><br><\/b><span style=\"font-weight: 400;\">El sitio web sport.mutuacat.org utiliza los siguientes tipos de cookies para su correcto funcionamiento o para fines estad\u00edsticos y\/o publicitarios:<\/span><span style=\"font-weight: 400;\"><br><\/span><span style=\"font-weight: 400;\">Cookies de Google: <\/span><\/p><p><b>5. Aceptaci\u00f3n de la Pol\u00edtica de cookies<\/b><b><br><\/b><span style=\"font-weight: 400;\">sport.mutuacat.org muestra informaci\u00f3n sobre su Pol\u00edtica de cookies en la parte inferior de cualquier p\u00e1gina con cada inicio de sesi\u00f3n y si previamente no se han aceptado.<\/span><span style=\"font-weight: 400;\"><br><\/span><span style=\"font-weight: 400;\">Ante esta informaci\u00f3n es posible llevar a cabo las siguientes acciones:<\/span><span style=\"font-weight: 400;\"><br><\/span><span style=\"font-weight: 400;\">1. Aceptar cookies. No se volver\u00e1 a visualizar este aviso al acceder a cualquier p\u00e1gina del sitio web durante la sesi\u00f3n actual.<\/span><span style=\"font-weight: 400;\"><br><\/span><span style=\"font-weight: 400;\">2. M\u00e1s informaci\u00f3n. Podr\u00e1 obtener toda la informaci\u00f3n relacionada con las cookies que utilizamos.<\/span><\/p><p><b>6. Formas de desactivarlas<\/b><b><br><\/b><span style=\"font-weight: 400;\">Las cookies almacenadas en su equipo o dispositivo pueden desactivarse siguiendo las indicaciones del propio navegador (normalmente a trav\u00e9s del apartado \u201cayuda\u201d del men\u00fa). Sin embargo, hay que tener presente que la desactivaci\u00f3n de alguna cookie puede impedir o dificultar la navegaci\u00f3n o la prestaci\u00f3n de los servicios ofrecidos en esta web.<\/span><span style=\"font-weight: 400;\"><br><\/span><span style=\"font-weight: 400;\">Le facilitamos a continuaci\u00f3n los enlaces para modificar la configuraci\u00f3n de las cookies en los principales navegadores:<\/span><span style=\"font-weight: 400;\"><br><\/span><span style=\"font-weight: 400;\">\u2013 Explorer: windows.microsoft.com\/es-xl\/internet-explorer\/delete-manage-cookies#ie=\u201die-10\u2033<\/span><span style=\"font-weight: 400;\"><br><\/span><span style=\"font-weight: 400;\">\u2013 Firefox: support.mozilla.org\/es\/kb\/Borrar%20cookies<\/span><span style=\"font-weight: 400;\"><br><\/span><span style=\"font-weight: 400;\">\u2013 Chrome: support.google.com\/chrome\/answer\/95647?hl=\u201des\u201d<\/span><span style=\"font-weight: 400;\"><br><\/span><span style=\"font-weight: 400;\">\u2013 Safari: www.apple.com\/es\/privacy\/use-of-cookies\/<\/span><\/p><p><span style=\"font-weight: 400;\">Puede encontrar m\u00e1s informaci\u00f3n sobre las cookies y su desactivaci\u00f3n en la p\u00e1gina www.aboutcookies.org<\/span><\/p><p><b>7. \u00bfQu\u00e9 ocurre si desactivamos las cookies?<\/b><span style=\"font-weight: 400;\"><br><\/span><span style=\"font-weight: 400;\">Para que entienda el alcance que puede tener desactivar las cookies le mostramos algunos ejemplos de acciones que no podr\u00e1 realizar sin permitir su uso:<\/span><span style=\"font-weight: 400;\"><br><\/span><span style=\"font-weight: 400;\">\u2013 No podr\u00e1 compartir contenidos de un sitio web en las redes sociales.<\/span><span style=\"font-weight: 400;\"><br><\/span><span style=\"font-weight: 400;\">\u2013 El sitio web no podr\u00e1 adaptar los contenidos a sus preferencias personales, como suele ocurrir en las tiendas online.<\/span><span style=\"font-weight: 400;\"><br><\/span><span style=\"font-weight: 400;\">\u2013 No podr\u00e1 acceder al \u00e1rea personal de los sitios web, como pueden ser \u201cMi cuenta\u201d, \u201cMi perfil\u201d o \u201cMis pedidos\u201d.<\/span><span style=\"font-weight: 400;\"><br><\/span><span style=\"font-weight: 400;\">\u2013 Tiendas online: Le ser\u00e1 imposible realizar compras online, ya que funciones como la cesta de la compra no estar\u00e1n disponibles.<\/span><span style=\"font-weight: 400;\"><br><\/span><span style=\"font-weight: 400;\">\u2013 El sitio web no podr\u00e1 realizar anal\u00edticas sobre visitantes y tr\u00e1fico en la web, lo que dificultar\u00e1 mejorar la experiencia del usuario.<\/span><span style=\"font-weight: 400;\"><br><\/span><span style=\"font-weight: 400;\">\u2013 El sitio web no podr\u00e1 saber si es usted un humano o una aplicaci\u00f3n automatizada que publica spam.<\/span><\/p><p><b>8. \u00bfSe pueden eliminar las cookies?<\/b><b><br><\/b><span style=\"font-weight: 400;\">S\u00ed. No s\u00f3lo eliminar, sino tambi\u00e9n bloquear, de forma general o particular para un dominio espec\u00edfico. Para eliminar las cookies de un sitio web debe ir a la configuraci\u00f3n de su navegador y all\u00ed podr\u00e1 buscar las asociadas al dominio en cuesti\u00f3n y proceder a su eliminaci\u00f3n.<\/span><\/p><p><b>Notas adicionales<\/b><span style=\"font-weight: 400;\"><br><\/span><span style=\"font-weight: 400;\">&#8211; Ni esta web ni sus representantes legales se hacen responsables ni del contenido ni de la veracidad de las pol\u00edticas de privacidad que puedan tener los terceros mencionados en esta pol\u00edtica de cookies.<\/span><span style=\"font-weight: 400;\"><br><\/span><span style=\"font-weight: 400;\">\u2013 Los navegadores web son las herramientas encargadas de almacenar las cookies y desde este sitio debe poder hacerse uso del derecho a su eliminaci\u00f3n o desactivaci\u00f3n. Ni esta web ni sus representantes legales pueden garantizar la correcta o incorrecta manipulaci\u00f3n de las cookies por los navegadores.<\/span><span style=\"font-weight: 400;\"><br><\/span><span style=\"font-weight: 400;\">\u2013 En algunos casos es necesario instalar cookies para que el navegador no olvide su decisi\u00f3n de no aceptarlas.<\/span><span style=\"font-weight: 400;\"><br><\/span><span style=\"font-weight: 400;\">Para cualquier duda o consulta sobre esta pol\u00edtica de cookies, no dude en comunicarse con nosotros a trav\u00e9s del apartado de contacto.<\/span><\/p>\t\t\t\t\t\t\t\t<\/div>\n\t\t\t\t<\/div>\n\t\t\t\t\t<\/div>\n\t\t<\/div>\n\t\t\t\t\t<\/div>\n\t\t<\/section>\n\t\t\t\t<\/div>\n\t\t","protected":false},"excerpt":{"rendered":"<p>Pol\u00edtica de cookies Inicio Pol\u00edtica de cookies 1. Definici\u00f3n de cookieLas cookies son archivos que se descargan en su equipo al acceder a la mayor\u00eda de sitios web. Permiten a una p\u00e1gina web, entre otras cosas, almacenar y recuperar informaci\u00f3n sobre los h\u00e1bitos de navegaci\u00f3n de un usuario o de su equipo (preferencias del sitio, [&hellip;]<\/p>\n","protected":false},"author":1,"featured_media":0,"parent":0,"menu_order":0,"comment_status":"closed","ping_status":"closed","template":"","meta":{"footnotes":""},"class_list":["post-925","page","type-page","status-publish","hentry"],"yoast_head":"<!-- This site is optimized with the Yoast SEO Premium plugin v23.6 (Yoast SEO v26.9) - https:\/\/yoast.com\/product\/yoast-seo-premium-wordpress\/ -->\n<title>Pol\u00edtica de cookies - Sport Mutuacat<\/title>\n<meta name=\"robots\" content=\"noindex, follow\" \/>\n<meta property=\"og:locale\" content=\"es_ES\" \/>\n<meta property=\"og:type\" content=\"article\" \/>\n<meta property=\"og:title\" content=\"Pol\u00edtica de cookies\" \/>\n<meta property=\"og:description\" content=\"Pol\u00edtica de cookies Inicio Pol\u00edtica de cookies 1. Definici\u00f3n de cookieLas cookies son archivos que se descargan en su equipo al acceder a la mayor\u00eda de sitios web. Permiten a una p\u00e1gina web, entre otras cosas, almacenar y recuperar informaci\u00f3n sobre los h\u00e1bitos de navegaci\u00f3n de un usuario o de su equipo (preferencias del sitio, [&hellip;]\" \/>\n<meta property=\"og:url\" content=\"https:\/\/sport.mutuacat.org\/es\/politica-de-cookies\/\" \/>\n<meta property=\"og:site_name\" content=\"Sport Mutuacat\" \/>\n<meta property=\"article:publisher\" content=\"https:\/\/www.facebook.com\/mutuacat\" \/>\n<meta property=\"article:modified_time\" content=\"2026-03-04T13:05:50+00:00\" \/>\n<meta property=\"og:image\" content=\"https:\/\/sport.mutuacat.org\/wp-content\/uploads\/2023\/10\/female-athlete-pausing-at-a-trail-competition-1024x578.jpg\" \/>\n\t<meta property=\"og:image:width\" content=\"1024\" \/>\n\t<meta property=\"og:image:height\" content=\"578\" \/>\n\t<meta property=\"og:image:type\" content=\"image\/jpeg\" \/>\n<meta name=\"twitter:card\" content=\"summary_large_image\" \/>\n<meta name=\"twitter:label1\" content=\"Tiempo de lectura\" \/>\n\t<meta name=\"twitter:data1\" content=\"5 minutos\" \/>\n<script type=\"application\/ld+json\" class=\"yoast-schema-graph\">{\"@context\":\"https:\/\/schema.org\",\"@graph\":[{\"@type\":\"WebPage\",\"@id\":\"https:\/\/sport.mutuacat.org\/es\/politica-de-cookies\/\",\"url\":\"https:\/\/sport.mutuacat.org\/es\/politica-de-cookies\/\",\"name\":\"Pol\u00edtica de cookies - Sport Mutuacat\",\"isPartOf\":{\"@id\":\"https:\/\/sport.mutuacat.org\/es\/#website\"},\"datePublished\":\"2023-12-29T18:34:33+00:00\",\"dateModified\":\"2026-03-04T13:05:50+00:00\",\"breadcrumb\":{\"@id\":\"https:\/\/sport.mutuacat.org\/es\/politica-de-cookies\/#breadcrumb\"},\"inLanguage\":\"es\",\"potentialAction\":[{\"@type\":\"ReadAction\",\"target\":[\"https:\/\/sport.mutuacat.org\/es\/politica-de-cookies\/\"]}]},{\"@type\":\"BreadcrumbList\",\"@id\":\"https:\/\/sport.mutuacat.org\/es\/politica-de-cookies\/#breadcrumb\",\"itemListElement\":[{\"@type\":\"ListItem\",\"position\":1,\"name\":\"Inici\",\"item\":\"https:\/\/sport.mutuacat.org\/es\/\"},{\"@type\":\"ListItem\",\"position\":2,\"name\":\"Pol\u00edtica de cookies\"}]},{\"@type\":\"WebSite\",\"@id\":\"https:\/\/sport.mutuacat.org\/es\/#website\",\"url\":\"https:\/\/sport.mutuacat.org\/es\/\",\"name\":\"Sport Mutuacat\",\"description\":\"Sport Mutuacat\",\"publisher\":{\"@id\":\"https:\/\/sport.mutuacat.org\/es\/#organization\"},\"potentialAction\":[{\"@type\":\"SearchAction\",\"target\":{\"@type\":\"EntryPoint\",\"urlTemplate\":\"https:\/\/sport.mutuacat.org\/es\/?s={search_term_string}\"},\"query-input\":{\"@type\":\"PropertyValueSpecification\",\"valueRequired\":true,\"valueName\":\"search_term_string\"}}],\"inLanguage\":\"es\"},{\"@type\":\"Organization\",\"@id\":\"https:\/\/sport.mutuacat.org\/es\/#organization\",\"name\":\"Sport Mutuacat\",\"url\":\"https:\/\/sport.mutuacat.org\/es\/\",\"logo\":{\"@type\":\"ImageObject\",\"inLanguage\":\"es\",\"@id\":\"https:\/\/sport.mutuacat.org\/es\/#\/schema\/logo\/image\/\",\"url\":\"https:\/\/sport.mutuacat.org\/wp-content\/uploads\/2023\/12\/LogotipMutuacat-06-.png\",\"contentUrl\":\"https:\/\/sport.mutuacat.org\/wp-content\/uploads\/2023\/12\/LogotipMutuacat-06-.png\",\"width\":4697,\"height\":4028,\"caption\":\"Sport Mutuacat\"},\"image\":{\"@id\":\"https:\/\/sport.mutuacat.org\/es\/#\/schema\/logo\/image\/\"},\"sameAs\":[\"https:\/\/www.facebook.com\/mutuacat\",\"https:\/\/es.linkedin.com\/company\/mutuacat\",\"https:\/\/www.instagram.com\/mutuacat\/\"],\"publishingPrinciples\":\"https:\/\/sport.mutuacat.org\/\"}]}<\/script>\n<!-- \/ Yoast SEO Premium plugin. -->","yoast_head_json":{"title":"Pol\u00edtica de cookies - Sport Mutuacat","robots":{"index":"noindex","follow":"follow"},"og_locale":"es_ES","og_type":"article","og_title":"Pol\u00edtica de cookies","og_description":"Pol\u00edtica de cookies Inicio Pol\u00edtica de cookies 1. Definici\u00f3n de cookieLas cookies son archivos que se descargan en su equipo al acceder a la mayor\u00eda de sitios web. Permiten a una p\u00e1gina web, entre otras cosas, almacenar y recuperar informaci\u00f3n sobre los h\u00e1bitos de navegaci\u00f3n de un usuario o de su equipo (preferencias del sitio, [&hellip;]","og_url":"https:\/\/sport.mutuacat.org\/es\/politica-de-cookies\/","og_site_name":"Sport Mutuacat","article_publisher":"https:\/\/www.facebook.com\/mutuacat","article_modified_time":"2026-03-04T13:05:50+00:00","og_image":[{"width":1024,"height":578,"url":"https:\/\/sport.mutuacat.org\/wp-content\/uploads\/2023\/10\/female-athlete-pausing-at-a-trail-competition-1024x578.jpg","type":"image\/jpeg"}],"twitter_card":"summary_large_image","twitter_misc":{"Tiempo de lectura":"5 minutos"},"schema":{"@context":"https:\/\/schema.org","@graph":[{"@type":"WebPage","@id":"https:\/\/sport.mutuacat.org\/es\/politica-de-cookies\/","url":"https:\/\/sport.mutuacat.org\/es\/politica-de-cookies\/","name":"Pol\u00edtica de cookies - Sport Mutuacat","isPartOf":{"@id":"https:\/\/sport.mutuacat.org\/es\/#website"},"datePublished":"2023-12-29T18:34:33+00:00","dateModified":"2026-03-04T13:05:50+00:00","breadcrumb":{"@id":"https:\/\/sport.mutuacat.org\/es\/politica-de-cookies\/#breadcrumb"},"inLanguage":"es","potentialAction":[{"@type":"ReadAction","target":["https:\/\/sport.mutuacat.org\/es\/politica-de-cookies\/"]}]},{"@type":"BreadcrumbList","@id":"https:\/\/sport.mutuacat.org\/es\/politica-de-cookies\/#breadcrumb","itemListElement":[{"@type":"ListItem","position":1,"name":"Inici","item":"https:\/\/sport.mutuacat.org\/es\/"},{"@type":"ListItem","position":2,"name":"Pol\u00edtica de cookies"}]},{"@type":"WebSite","@id":"https:\/\/sport.mutuacat.org\/es\/#website","url":"https:\/\/sport.mutuacat.org\/es\/","name":"Sport Mutuacat","description":"Sport Mutuacat","publisher":{"@id":"https:\/\/sport.mutuacat.org\/es\/#organization"},"potentialAction":[{"@type":"SearchAction","target":{"@type":"EntryPoint","urlTemplate":"https:\/\/sport.mutuacat.org\/es\/?s={search_term_string}"},"query-input":{"@type":"PropertyValueSpecification","valueRequired":true,"valueName":"search_term_string"}}],"inLanguage":"es"},{"@type":"Organization","@id":"https:\/\/sport.mutuacat.org\/es\/#organization","name":"Sport Mutuacat","url":"https:\/\/sport.mutuacat.org\/es\/","logo":{"@type":"ImageObject","inLanguage":"es","@id":"https:\/\/sport.mutuacat.org\/es\/#\/schema\/logo\/image\/","url":"https:\/\/sport.mutuacat.org\/wp-content\/uploads\/2023\/12\/LogotipMutuacat-06-.png","contentUrl":"https:\/\/sport.mutuacat.org\/wp-content\/uploads\/2023\/12\/LogotipMutuacat-06-.png","width":4697,"height":4028,"caption":"Sport Mutuacat"},"image":{"@id":"https:\/\/sport.mutuacat.org\/es\/#\/schema\/logo\/image\/"},"sameAs":["https:\/\/www.facebook.com\/mutuacat","https:\/\/es.linkedin.com\/company\/mutuacat","https:\/\/www.instagram.com\/mutuacat\/"],"publishingPrinciples":"https:\/\/sport.mutuacat.org\/"}]}},"_links":{"self":[{"href":"https:\/\/sport.mutuacat.org\/es\/wp-json\/wp\/v2\/pages\/925","targetHints":{"allow":["GET"]}}],"collection":[{"href":"https:\/\/sport.mutuacat.org\/es\/wp-json\/wp\/v2\/pages"}],"about":[{"href":"https:\/\/sport.mutuacat.org\/es\/wp-json\/wp\/v2\/types\/page"}],"author":[{"embeddable":true,"href":"https:\/\/sport.mutuacat.org\/es\/wp-json\/wp\/v2\/users\/1"}],"replies":[{"embeddable":true,"href":"https:\/\/sport.mutuacat.org\/es\/wp-json\/wp\/v2\/comments?post=925"}],"version-history":[{"count":3,"href":"https:\/\/sport.mutuacat.org\/es\/wp-json\/wp\/v2\/pages\/925\/revisions"}],"predecessor-version":[{"id":6439,"href":"https:\/\/sport.mutuacat.org\/es\/wp-json\/wp\/v2\/pages\/925\/revisions\/6439"}],"wp:attachment":[{"href":"https:\/\/sport.mutuacat.org\/es\/wp-json\/wp\/v2\/media?parent=925"}],"curies":[{"name":"wp","href":"https:\/\/api.w.org\/{rel}","templated":true}]}}