{"id":875,"date":"2023-12-29T15:16:15","date_gmt":"2023-12-29T14:16:15","guid":{"rendered":"http:\/\/sport.mutuacat.org\/aviso-legal\/"},"modified":"2026-03-04T14:04:02","modified_gmt":"2026-03-04T13:04:02","slug":"aviso-legal","status":"publish","type":"page","link":"https:\/\/sport.mutuacat.org\/es\/aviso-legal\/","title":{"rendered":"Aviso legal"},"content":{"rendered":"\t\t<div data-elementor-type=\"wp-page\" data-elementor-id=\"875\" class=\"elementor elementor-875 elementor-867\" data-elementor-post-type=\"page\">\n\t\t\t\t\t\t<section class=\"elementor-section elementor-top-section elementor-element elementor-element-299c1d05 elementor-section-height-min-height elementor-section-boxed elementor-section-height-default elementor-section-items-middle\" data-id=\"299c1d05\" data-element_type=\"section\" data-e-type=\"section\" data-settings=\"{&quot;background_background&quot;:&quot;classic&quot;}\">\n\t\t\t\t\t\t\t<div class=\"elementor-background-overlay\"><\/div>\n\t\t\t\t\t\t\t<div class=\"elementor-container elementor-column-gap-default\">\n\t\t\t\t\t<div class=\"elementor-column elementor-col-100 elementor-top-column elementor-element elementor-element-5b032efd\" data-id=\"5b032efd\" data-element_type=\"column\" data-e-type=\"column\">\n\t\t\t<div class=\"elementor-widget-wrap elementor-element-populated\">\n\t\t\t\t\t\t<div class=\"elementor-element elementor-element-5754ec3b de_scroll_animation_no elementor-invisible elementor-widget elementor-widget-heading\" data-id=\"5754ec3b\" data-element_type=\"widget\" data-e-type=\"widget\" data-settings=\"{&quot;_animation&quot;:&quot;fadeIn&quot;}\" data-widget_type=\"heading.default\">\n\t\t\t\t<div class=\"elementor-widget-container\">\n\t\t\t\t\t<h2 class=\"elementor-heading-title elementor-size-default\">Aviso legal<\/h2>\t\t\t\t<\/div>\n\t\t\t\t<\/div>\n\t\t\t\t<div class=\"elementor-element elementor-element-1a5547f8 elementor-icon-list--layout-inline elementor-align-center elementor-list-item-link-full_width de_scroll_animation_no elementor-invisible elementor-widget elementor-widget-icon-list\" data-id=\"1a5547f8\" data-element_type=\"widget\" data-e-type=\"widget\" data-settings=\"{&quot;_animation&quot;:&quot;fadeIn&quot;,&quot;_animation_delay&quot;:200}\" data-widget_type=\"icon-list.default\">\n\t\t\t\t<div class=\"elementor-widget-container\">\n\t\t\t\t\t\t\t<ul class=\"elementor-icon-list-items elementor-inline-items\">\n\t\t\t\t\t\t\t<li class=\"elementor-icon-list-item elementor-inline-item\">\n\t\t\t\t\t\t\t\t\t\t\t<a href=\"https:\/\/sport.mutuacat.org\/es\/\">\n\n\t\t\t\t\t\t\t\t\t\t\t<span class=\"elementor-icon-list-text\">Inicio<\/span>\n\t\t\t\t\t\t\t\t\t\t\t<\/a>\n\t\t\t\t\t\t\t\t\t<\/li>\n\t\t\t\t\t\t\t\t<li class=\"elementor-icon-list-item elementor-inline-item\">\n\t\t\t\t\t\t\t\t\t\t\t<span class=\"elementor-icon-list-icon\">\n\t\t\t\t\t\t\t<i aria-hidden=\"true\" class=\"icon icon-right-arrow1\"><\/i>\t\t\t\t\t\t<\/span>\n\t\t\t\t\t\t\t\t\t\t<span class=\"elementor-icon-list-text\">Aviso legal<\/span>\n\t\t\t\t\t\t\t\t\t<\/li>\n\t\t\t\t\t\t<\/ul>\n\t\t\t\t\t\t<\/div>\n\t\t\t\t<\/div>\n\t\t\t\t\t<\/div>\n\t\t<\/div>\n\t\t\t\t\t<\/div>\n\t\t<\/section>\n\t\t\t\t<section class=\"elementor-section elementor-top-section elementor-element elementor-element-532c990 elementor-reverse-mobile elementor-section-boxed elementor-section-height-default elementor-section-height-default\" data-id=\"532c990\" data-element_type=\"section\" data-e-type=\"section\">\n\t\t\t\t\t\t<div class=\"elementor-container elementor-column-gap-default\">\n\t\t\t\t\t<div class=\"elementor-column elementor-col-100 elementor-top-column elementor-element elementor-element-37a8d19\" data-id=\"37a8d19\" data-element_type=\"column\" data-e-type=\"column\">\n\t\t\t<div class=\"elementor-widget-wrap elementor-element-populated\">\n\t\t\t\t\t\t<div class=\"elementor-element elementor-element-15f8bd5 de_scroll_animation_no elementor-widget elementor-widget-text-editor\" data-id=\"15f8bd5\" data-element_type=\"widget\" data-e-type=\"widget\" data-widget_type=\"text-editor.default\">\n\t\t\t\t<div class=\"elementor-widget-container\">\n\t\t\t\t\t\t\t\t\t<ol><li> <b> Condici\u00f3n de USUARIO<\/b><b><br><\/b> El acceso o uso del sitio web sport.mutuacat.org implica tener su condici\u00f3n de USUARIO y la aceptaci\u00f3n de las condiciones generales de utilizaci\u00f3n, sin perjuicio de aquellas condiciones particulares que se puedan pactar individualmente, que adquirir\u00e1n tambi\u00e9n fuerza obligatoria entre las partes.<\/li><li><b> Condici\u00f3n de TITULAR<\/b><b><br><\/b>En cumplimiento de lo dispuesto en el art\u00edculo 10 de la Ley 34\/2002, de 11 de julio, de servicios de la sociedad de la informaci\u00f3n y de comercio electr\u00f3nico, se pone en conocimiento de los USUARIOS de la websport.mutuacat.org, de forma directa y gratuita, la siguiente informaci\u00f3n, relativa al TITULAR del dominio: 1. Nombre: M\u00daTUA MANRESANA, M.P.S. 2. Nombre Comercial: MUTUACAT 3. Domicilio: c. Moss\u00e8n Serapi Farr\u00e9, 39 bajos \u2013 08242 Manresa (Barcelona)  4. Direcci\u00f3n de correo electr\u00f3nico:<br>mutua@mutuacat.cat 5. Tel\u00e9fono: 938 773 333 6. CIF: V08276545 7. Inscrita en el Registro Mercantil de Barcelona<\/li><li> <b> Objeto<\/b><b><br><\/b>A trav\u00e9s de la web sport.mutuacat.org, M\u00daTUA MANRESANA, M.P.S., en adelante el TITULAR, facilita a sus USUARIOS el acceso a informaciones y la utilizaci\u00f3n de diferentes servicios puestos a disposici\u00f3n tanto por parte del TITULAR como por parte de terceros.<\/li><li><b> Condiciones de uso<\/b><b><br><\/b>El acceso a la web tendr\u00e1 car\u00e1cter gratuito, sin perjuicio de que alguno de los servicios a los que se puede acceder est\u00e9 sujeto al pago de un precio. El USUARIO asume la responsabilidad en el uso del sitio web. Para hacer uso de los servicios, los menores de edad requerir\u00e1n el permiso de sus padres o tutores, que ser\u00e1n responsables de los actos llevados a cabo por los menores a su cargo. El USUARIO se compromete a hacer un uso adecuado de los contenidos y servicios que ofrece sport.mutuacat.org, y a abstenerse de utilizarlos con fines il\u00edcitos o que contravengan los intereses de terceros, que sean contrarios a los derechos humanos o que provoquen da\u00f1os en los sistemas del sitio o en los de sus proveedores o terceros. El TITULAR dispone de la infraestructura necesaria para evitar da\u00f1os derivados de la existencia de virus inform\u00e1ticos, aunque no se hace responsable de los da\u00f1os potenciales o errores que, a causa de la presencia de cualquier virus, pueda sufrir el sistema inform\u00e1tico del USUARIO cuando \u00e9ste acceda al sitio web o lo utilice. El TITULAR se reserva el derecho de efectuar, sin previo aviso, las modificaciones que considere oportunas en su sitio web, pudiendo cambiar, suprimir y a\u00f1adir tanto los contenidos y servicios que se prestan, como la forma en que \u00e9stos aparecen presentados o localizados .<\/li><li><b> Propiedad industrial e intelectual<\/b><b><br><\/b> Todas las marcas, nombres comerciales o signos distintivos de cualquier clase que aparecen en el sitio sport.mutuacat.org son propiedad del TITULAR o de terceros, sin que pueda entenderse que el uso o acceso a la web y\/oa los servicios atribuya al USUARIO ning\u00fan tipo de derecho sobre las marcas, nombres comerciales o signos distintivos. Asimismo, los contenidos son propiedad intelectual del TITULAR o de terceros, sin que puedan entenderse cedidos al USUARIO, ni que \u00e9ste pueda hacer un uso m\u00e1s all\u00e1 de lo estrictamente necesario para la correcta utilizaci\u00f3n del sitio web. Esta cl\u00e1usula incluye, a t\u00edtulo enunciativo y no limitativo: im\u00e1genes, sonido, v\u00eddeo, software, textos, marcas, logotipos, combinaciones de colores, estructura y dise\u00f1o, etc. En virtud de lo dispuesto en el Real decreto legislativo 1\/1996, de 12 de abril, por el que se aprueba el texto refundido de la Ley de propiedad intelectual, quedan expresamente prohibidas la reproducci\u00f3n, distribuci\u00f3n, y comunicaci\u00f3n p\u00fablica, incluida la modalidad de puesta a disposici\u00f3n de la totalidad o parte de los contenidos de este sitio web, con fines comerciales, en cualquier soporte y por cualquier medio t\u00e9cnico, sin la autorizaci\u00f3n del TITULAR. El USUARIO deber\u00e1 abstenerse de suprimir, alterar, eludir o manipular cualquier dispositivo de protecci\u00f3n o sistema de seguridad que se encuentre instalado en sport.mutuacat.org.<\/li><li><b> Protecci\u00f3n de datos de car\u00e1cter personal<\/b><b><br><\/b> El TITULAR se reserva la facultad de incluir en un fichero de datos de car\u00e1cter personal aquella informaci\u00f3n facilitada por el USUARIO, cumpliendo con las directrices marcadas por el Reglamento (UE) 2016\/679, de 27 de abril, relativo a la protecci\u00f3n de las personas f\u00edsicas en lo que se refiere al tratamiento de datos personales ya la libre circulaci\u00f3n de los mismos. La finalidad de este archivo ser\u00e1 la de prestar nuestros servicios y comunicarnos con el usuario. Estos datos no se ceder\u00e1n a terceros salvo por obligaci\u00f3n legal o para dar cumplimiento al objeto de un contrato o si el usuario solicita informaci\u00f3n de productos no comercializados por M\u00fatua Manresana. El USUARIO podr\u00e1 ejercer los derechos de acceso, rectificaci\u00f3n, cancelaci\u00f3n, supresi\u00f3n, oposici\u00f3n, limitaci\u00f3n y portabilidad, dirigiendo al efecto un correo electr\u00f3nico a la direcci\u00f3n <a href=\"mailto:rgpd@mutuacat.cat\">rgpd@mutuacat.cat<\/a> indicando la referencia RGPD. Informaci\u00f3n adicional sobre Protecci\u00f3n de Datos:<\/li><\/ol><p><i>6.1. Responsable del tratamiento <\/i>Identidad: MUTUA MANRESANA MPS \u2013 CIF V08276545 Direcci\u00f3n: C\/ Moss\u00e8n Serapi Farr\u00e9, 39-41 \u2013 Manresa 08242 Tel\u00e9fono: 93 877 33 33 Correo electr\u00f3nico: <a href=\"mailto:rgpd@mutuacat.cat\">rgpd@mutuacat.cat<\/a><\/p><p><i>  6.2. Delegado de Protecci\u00f3n de Datos<\/i> El Delegado de Protecci\u00f3n de Datos es la persona que se encarga de proteger el derecho fundamental a la protecci\u00f3n de datos personales en M\u00daTUA MANRESANA MPS y se encarga del cumplimiento de la normativa de protecci\u00f3n de datos. Se puede contactar enviando un correo electr\u00f3nico a <a href=\"mailto:rgpd@mutuacat.cat\">rgpd@mutuacat.cat<\/a>.<\/p><p><i>  6.3. Finalidad del tratamiento de los datos<\/i> Los datos personales que M\u00daTUA MANRESANA MPS pueda recoger en alg\u00fan formulario del web ser\u00e1n utilizados para poder contactar con los clientes, ofrecerles servicios, publicidad y prospecci\u00f3n comercial. En ning\u00fan caso se utilizar\u00e1n por otra finalidad que no se haya especificado en este apartado, especialmente para el env\u00edo de publicidad, si as\u00ed se ha manifestado; ni tampoco ser\u00e1n cedidas a terceros, a no ser que se haya solicitado informaci\u00f3n de productos no comercializados por M\u00fatua Manresana. Los datos personales que nos haya proporcionado se conservar\u00e1n por un per\u00edodo de 10 a\u00f1os (o por el per\u00edodo que determine la normativa espec\u00edfica en la materia), o bien hasta que el interesado expresamente solicite su supresi\u00f3n.<\/p><p><i>  6.4. Legitimaci\u00f3n del tratamiento de datos<\/i> La legitimaci\u00f3n para la finalidad principal se encuentra recogida en una de las bases jur\u00eddicas establecidas en el RGPD, concretamente en el art\u00edculo 6.1.a), pues M\u00daTUA MANRESANA MPS solicita expresamente el consentimiento de los interesados para que sus datos puedan ser tratadas con la finalidad prevista en el punto anterior.<\/p><p><i>  6.5. Destinatarios de los datos <\/i>No se prev\u00e9 que se cedan los datos recogidos mediante el presente documento a terceros, con fines distintos a los expuestos m\u00e1s arriba. Sin embargo, s\u00ed se ceder\u00e1n cuando se trate de una obligaci\u00f3n legal, del cumplimiento del objeto de un contrato o si se solicita informaci\u00f3n de productos no comercializados por M\u00fatua Manresana.<\/p><p><i>6.6. Ejercicio de los propios derechos <\/i>Se podr\u00e1n ejercer, de forma gratuita, los derechos de acceso, rectificaci\u00f3n, cancelaci\u00f3n, oposici\u00f3n, supresi\u00f3n, limitaci\u00f3n y portabilidad, enviando un correo electr\u00f3nico a <a href=\"mailto:rgpd@mutuacat.cat\">rgpd@mutuacat.cat<\/a>, acompa\u00f1ado de una copia del DNI o documento equivalente acreditativo, o bien dirigi\u00e9ndose a las instalaciones de M\u00daTUA MANRESANA MPS, en C\/ Moss\u00e8n Serap Farr\u00e9i, 39-41, 08242 Manresa.<\/p><ol start=\"7\"><li><b> Redes sociales<\/b><b><br><\/b>En caso de que el TITULAR tenga presencia en las redes sociales, el tratamiento de los datos que se realice de las personas que conecten con el TITULAR a trav\u00e9s de estos canales se regir\u00e1 igualmente por estas condiciones generales de uso, sin perjuicio de aquellas condiciones espec\u00edficas inherentes a la red social que corresponda.<span style=\"font-weight: 400;\"><br><\/span><span style=\"font-weight: 400;\">El TITULAR tratar\u00e1 los datos del USUARIO con los fines de administrar correctamente su presencia en las redes sociales, informarle de actividades, productos o servicios del TITULAR o de terceros que puedan estar relacionados con su actividad, as\u00ed como para cualquier otra finalidad que las normativas de las redes sociales puedan permitirse.<\/span><\/li><li> <b>Exclusi\u00f3n de garant\u00edas y responsabilidad<\/b><b><br><\/b><span style=\"font-weight: 400;\">El TITULAR no se hace responsable, en ning\u00fan caso, de los da\u00f1os y perjuicios de cualquier clase que pudieran ocasionarse por el mal funcionamiento del sitio web citando, a t\u00edtulo meramente enunciativo: errores u omisiones en los contenidos, falta de disponibilidad del sitio, transmisi\u00f3n de virus o programas lesivos en los contenidos, a pesar de haber adoptado todas las medidas tecnol\u00f3gicas para evitarlo.<\/span><\/li><li><b> Enlaces<\/b><b><br><\/b><span style=\"font-weight: 400;\">En caso de que en sport.mutuacat.org se dispusiera de enlaces a otros sitios de Internet, el TITULAR no ejercer\u00e1 ning\u00fan tipo de control sobre estos sitios ni sobre sus contenidos. En ning\u00fan caso el TITULAR asumir\u00e1 responsabilidad alguna por los contenidos de los enlaces pertenecientes a sitios web ajenos, ni garantizar\u00e1 su disponibilidad t\u00e9cnica, calidad, fiabilidad, exactitud, amplitud, veracidad, validez ni constitucionalidad de cualquier material o informaci\u00f3n contenida en ninguno de estos enlaces. u otros sitios de Internet. De la misma forma, el enlace de estas conexiones externas no implicar\u00e1 ning\u00fan tipo de asociaci\u00f3n, fusi\u00f3n o participaci\u00f3n con las entidades conectadas.<\/span><\/li><li> <b> Vigencia y modificaciones de las condiciones generales de uso<\/b><b><br><\/b><span style=\"font-weight: 400;\">Estas condiciones permanecer\u00e1n en vigor de forma indefinida, sin perjuicio de su modificaci\u00f3n, que podr\u00e1 ser llevada a cabo por el TITULAR en cualquier momento, siendo debidamente publicada en el sitio web.<\/span><\/li><\/ol><p><b>11. Jurisdicci\u00f3n y legislaci\u00f3n aplicable<\/b><b><br><\/b><span style=\"font-weight: 400;\"> Las relaciones entre USUARIO y TITULAR se regir\u00e1n por la normativa estatal aplicable, someti\u00e9ndose a la jurisdicci\u00f3n de los \u00f3rganos jurisdiccionales de la localidad de Manresa. <\/span> <\/p>\t\t\t\t\t\t\t\t<\/div>\n\t\t\t\t<\/div>\n\t\t\t\t\t<\/div>\n\t\t<\/div>\n\t\t\t\t\t<\/div>\n\t\t<\/section>\n\t\t\t\t<\/div>\n\t\t","protected":false},"excerpt":{"rendered":"<p>Aviso legal Inicio Aviso legal Condici\u00f3n de USUARIO El acceso o uso del sitio web sport.mutuacat.org implica tener su condici\u00f3n de USUARIO y la aceptaci\u00f3n de las condiciones generales de utilizaci\u00f3n, sin perjuicio de aquellas condiciones particulares que se puedan pactar individualmente, que adquirir\u00e1n tambi\u00e9n fuerza obligatoria entre las partes. Condici\u00f3n de TITULAREn cumplimiento de [&hellip;]<\/p>\n","protected":false},"author":1,"featured_media":0,"parent":0,"menu_order":0,"comment_status":"closed","ping_status":"closed","template":"","meta":{"footnotes":""},"class_list":["post-875","page","type-page","status-publish","hentry"],"yoast_head":"<!-- This site is optimized with the Yoast SEO Premium plugin v23.6 (Yoast SEO v26.9) - https:\/\/yoast.com\/product\/yoast-seo-premium-wordpress\/ -->\n<title>Aviso legal - Sport Mutuacat<\/title>\n<meta name=\"description\" content=\"Aviso legal La p\u00e1gina web de Mutua Sport tiene por objeto dar a conocer los productos y el \u00e1mbito de actuaci\u00f3n de esta Entidad.\" \/>\n<meta name=\"robots\" content=\"noindex, follow\" \/>\n<meta property=\"og:locale\" content=\"es_ES\" \/>\n<meta property=\"og:type\" content=\"article\" \/>\n<meta property=\"og:title\" content=\"Aviso legal\" \/>\n<meta property=\"og:description\" content=\"Aviso legal La p\u00e1gina web de Mutua Sport tiene por objeto dar a conocer los productos y el \u00e1mbito de actuaci\u00f3n de esta Entidad.\" \/>\n<meta property=\"og:url\" content=\"https:\/\/sport.mutuacat.org\/es\/aviso-legal\/\" \/>\n<meta property=\"og:site_name\" content=\"Sport Mutuacat\" \/>\n<meta property=\"article:publisher\" content=\"https:\/\/www.facebook.com\/mutuacat\" \/>\n<meta property=\"article:modified_time\" content=\"2026-03-04T13:04:02+00:00\" \/>\n<meta property=\"og:image\" content=\"https:\/\/sport.mutuacat.org\/wp-content\/uploads\/2023\/10\/female-athlete-pausing-at-a-trail-competition-1024x578.jpg\" \/>\n\t<meta property=\"og:image:width\" content=\"1024\" \/>\n\t<meta property=\"og:image:height\" content=\"578\" \/>\n\t<meta property=\"og:image:type\" content=\"image\/jpeg\" \/>\n<meta name=\"twitter:card\" content=\"summary_large_image\" \/>\n<meta name=\"twitter:label1\" content=\"Tiempo de lectura\" \/>\n\t<meta name=\"twitter:data1\" content=\"9 minutos\" \/>\n<script type=\"application\/ld+json\" class=\"yoast-schema-graph\">{\"@context\":\"https:\/\/schema.org\",\"@graph\":[{\"@type\":\"WebPage\",\"@id\":\"https:\/\/sport.mutuacat.org\/es\/aviso-legal\/\",\"url\":\"https:\/\/sport.mutuacat.org\/es\/aviso-legal\/\",\"name\":\"Aviso legal - Sport Mutuacat\",\"isPartOf\":{\"@id\":\"https:\/\/sport.mutuacat.org\/es\/#website\"},\"datePublished\":\"2023-12-29T14:16:15+00:00\",\"dateModified\":\"2026-03-04T13:04:02+00:00\",\"description\":\"Aviso legal La p\u00e1gina web de Mutua Sport tiene por objeto dar a conocer los productos y el \u00e1mbito de actuaci\u00f3n de esta Entidad.\",\"breadcrumb\":{\"@id\":\"https:\/\/sport.mutuacat.org\/es\/aviso-legal\/#breadcrumb\"},\"inLanguage\":\"es\",\"potentialAction\":[{\"@type\":\"ReadAction\",\"target\":[\"https:\/\/sport.mutuacat.org\/es\/aviso-legal\/\"]}]},{\"@type\":\"BreadcrumbList\",\"@id\":\"https:\/\/sport.mutuacat.org\/es\/aviso-legal\/#breadcrumb\",\"itemListElement\":[{\"@type\":\"ListItem\",\"position\":1,\"name\":\"Inici\",\"item\":\"https:\/\/sport.mutuacat.org\/es\/\"},{\"@type\":\"ListItem\",\"position\":2,\"name\":\"Aviso legal\"}]},{\"@type\":\"WebSite\",\"@id\":\"https:\/\/sport.mutuacat.org\/es\/#website\",\"url\":\"https:\/\/sport.mutuacat.org\/es\/\",\"name\":\"Sport Mutuacat\",\"description\":\"Sport Mutuacat\",\"publisher\":{\"@id\":\"https:\/\/sport.mutuacat.org\/es\/#organization\"},\"potentialAction\":[{\"@type\":\"SearchAction\",\"target\":{\"@type\":\"EntryPoint\",\"urlTemplate\":\"https:\/\/sport.mutuacat.org\/es\/?s={search_term_string}\"},\"query-input\":{\"@type\":\"PropertyValueSpecification\",\"valueRequired\":true,\"valueName\":\"search_term_string\"}}],\"inLanguage\":\"es\"},{\"@type\":\"Organization\",\"@id\":\"https:\/\/sport.mutuacat.org\/es\/#organization\",\"name\":\"Sport Mutuacat\",\"url\":\"https:\/\/sport.mutuacat.org\/es\/\",\"logo\":{\"@type\":\"ImageObject\",\"inLanguage\":\"es\",\"@id\":\"https:\/\/sport.mutuacat.org\/es\/#\/schema\/logo\/image\/\",\"url\":\"http:\/\/sport.mutuacat.org\/wp-content\/uploads\/2023\/12\/LogotipMutuacat-06-.png\",\"contentUrl\":\"http:\/\/sport.mutuacat.org\/wp-content\/uploads\/2023\/12\/LogotipMutuacat-06-.png\",\"width\":4697,\"height\":4028,\"caption\":\"Sport Mutuacat\"},\"image\":{\"@id\":\"https:\/\/sport.mutuacat.org\/es\/#\/schema\/logo\/image\/\"},\"sameAs\":[\"https:\/\/www.facebook.com\/mutuacat\",\"https:\/\/es.linkedin.com\/company\/mutuacat\",\"https:\/\/www.instagram.com\/mutuacat\/\"],\"publishingPrinciples\":\"https:\/\/sport.mutuacat.org\/\"}]}<\/script>\n<!-- \/ Yoast SEO Premium plugin. -->","yoast_head_json":{"title":"Aviso legal - Sport Mutuacat","description":"Aviso legal La p\u00e1gina web de Mutua Sport tiene por objeto dar a conocer los productos y el \u00e1mbito de actuaci\u00f3n de esta Entidad.","robots":{"index":"noindex","follow":"follow"},"og_locale":"es_ES","og_type":"article","og_title":"Aviso legal","og_description":"Aviso legal La p\u00e1gina web de Mutua Sport tiene por objeto dar a conocer los productos y el \u00e1mbito de actuaci\u00f3n de esta Entidad.","og_url":"https:\/\/sport.mutuacat.org\/es\/aviso-legal\/","og_site_name":"Sport Mutuacat","article_publisher":"https:\/\/www.facebook.com\/mutuacat","article_modified_time":"2026-03-04T13:04:02+00:00","og_image":[{"width":1024,"height":578,"url":"https:\/\/sport.mutuacat.org\/wp-content\/uploads\/2023\/10\/female-athlete-pausing-at-a-trail-competition-1024x578.jpg","type":"image\/jpeg"}],"twitter_card":"summary_large_image","twitter_misc":{"Tiempo de lectura":"9 minutos"},"schema":{"@context":"https:\/\/schema.org","@graph":[{"@type":"WebPage","@id":"https:\/\/sport.mutuacat.org\/es\/aviso-legal\/","url":"https:\/\/sport.mutuacat.org\/es\/aviso-legal\/","name":"Aviso legal - Sport Mutuacat","isPartOf":{"@id":"https:\/\/sport.mutuacat.org\/es\/#website"},"datePublished":"2023-12-29T14:16:15+00:00","dateModified":"2026-03-04T13:04:02+00:00","description":"Aviso legal La p\u00e1gina web de Mutua Sport tiene por objeto dar a conocer los productos y el \u00e1mbito de actuaci\u00f3n de esta Entidad.","breadcrumb":{"@id":"https:\/\/sport.mutuacat.org\/es\/aviso-legal\/#breadcrumb"},"inLanguage":"es","potentialAction":[{"@type":"ReadAction","target":["https:\/\/sport.mutuacat.org\/es\/aviso-legal\/"]}]},{"@type":"BreadcrumbList","@id":"https:\/\/sport.mutuacat.org\/es\/aviso-legal\/#breadcrumb","itemListElement":[{"@type":"ListItem","position":1,"name":"Inici","item":"https:\/\/sport.mutuacat.org\/es\/"},{"@type":"ListItem","position":2,"name":"Aviso legal"}]},{"@type":"WebSite","@id":"https:\/\/sport.mutuacat.org\/es\/#website","url":"https:\/\/sport.mutuacat.org\/es\/","name":"Sport Mutuacat","description":"Sport Mutuacat","publisher":{"@id":"https:\/\/sport.mutuacat.org\/es\/#organization"},"potentialAction":[{"@type":"SearchAction","target":{"@type":"EntryPoint","urlTemplate":"https:\/\/sport.mutuacat.org\/es\/?s={search_term_string}"},"query-input":{"@type":"PropertyValueSpecification","valueRequired":true,"valueName":"search_term_string"}}],"inLanguage":"es"},{"@type":"Organization","@id":"https:\/\/sport.mutuacat.org\/es\/#organization","name":"Sport Mutuacat","url":"https:\/\/sport.mutuacat.org\/es\/","logo":{"@type":"ImageObject","inLanguage":"es","@id":"https:\/\/sport.mutuacat.org\/es\/#\/schema\/logo\/image\/","url":"http:\/\/sport.mutuacat.org\/wp-content\/uploads\/2023\/12\/LogotipMutuacat-06-.png","contentUrl":"http:\/\/sport.mutuacat.org\/wp-content\/uploads\/2023\/12\/LogotipMutuacat-06-.png","width":4697,"height":4028,"caption":"Sport Mutuacat"},"image":{"@id":"https:\/\/sport.mutuacat.org\/es\/#\/schema\/logo\/image\/"},"sameAs":["https:\/\/www.facebook.com\/mutuacat","https:\/\/es.linkedin.com\/company\/mutuacat","https:\/\/www.instagram.com\/mutuacat\/"],"publishingPrinciples":"https:\/\/sport.mutuacat.org\/"}]}},"_links":{"self":[{"href":"https:\/\/sport.mutuacat.org\/es\/wp-json\/wp\/v2\/pages\/875","targetHints":{"allow":["GET"]}}],"collection":[{"href":"https:\/\/sport.mutuacat.org\/es\/wp-json\/wp\/v2\/pages"}],"about":[{"href":"https:\/\/sport.mutuacat.org\/es\/wp-json\/wp\/v2\/types\/page"}],"author":[{"embeddable":true,"href":"https:\/\/sport.mutuacat.org\/es\/wp-json\/wp\/v2\/users\/1"}],"replies":[{"embeddable":true,"href":"https:\/\/sport.mutuacat.org\/es\/wp-json\/wp\/v2\/comments?post=875"}],"version-history":[{"count":8,"href":"https:\/\/sport.mutuacat.org\/es\/wp-json\/wp\/v2\/pages\/875\/revisions"}],"predecessor-version":[{"id":6435,"href":"https:\/\/sport.mutuacat.org\/es\/wp-json\/wp\/v2\/pages\/875\/revisions\/6435"}],"wp:attachment":[{"href":"https:\/\/sport.mutuacat.org\/es\/wp-json\/wp\/v2\/media?parent=875"}],"curies":[{"name":"wp","href":"https:\/\/api.w.org\/{rel}","templated":true}]}}