{"id":2809,"date":"2024-05-15T15:38:33","date_gmt":"2024-05-15T13:38:33","guid":{"rendered":"http:\/\/sport.mutuacat.org\/cuadro-medico\/"},"modified":"2026-03-27T14:02:26","modified_gmt":"2026-03-27T13:02:26","slug":"cuadro-medico","status":"publish","type":"page","link":"https:\/\/sport.mutuacat.org\/es\/cuadro-medico\/","title":{"rendered":"Cuadro m\u00e9dico"},"content":{"rendered":"\t\t<div data-elementor-type=\"wp-page\" data-elementor-id=\"2809\" class=\"elementor elementor-2809 elementor-2795\" data-elementor-post-type=\"page\">\n\t\t\t\t<div class=\"elementor-element elementor-element-6a8f181 e-flex e-con-boxed e-con e-parent\" data-id=\"6a8f181\" data-element_type=\"container\" data-e-type=\"container\">\n\t\t\t\t\t<div class=\"e-con-inner\">\n\t\t\t\t<div class=\"elementor-element elementor-element-8d21431 de_scroll_animation_no elementor-invisible elementor-widget elementor-widget-text-editor\" data-id=\"8d21431\" data-element_type=\"widget\" data-e-type=\"widget\" data-settings=\"{&quot;_animation&quot;:&quot;fadeIn&quot;}\" data-widget_type=\"text-editor.default\">\n\t\t\t\t<div class=\"elementor-widget-container\">\n\t\t\t\t\t\t\t\t\t<p>Cuadro m\u00e9dico<\/p>\t\t\t\t\t\t\t\t<\/div>\n\t\t\t\t<\/div>\n\t\t\t\t<div class=\"elementor-element elementor-element-ef1eefb de_scroll_animation_no elementor-invisible elementor-widget elementor-widget-heading\" data-id=\"ef1eefb\" data-element_type=\"widget\" data-e-type=\"widget\" data-settings=\"{&quot;_animation&quot;:&quot;fadeIn&quot;,&quot;_animation_delay&quot;:200}\" data-widget_type=\"heading.default\">\n\t\t\t\t<div class=\"elementor-widget-container\">\n\t\t\t\t\t<h2 class=\"elementor-heading-title elementor-size-default\">Encuentra tu m\u00e9dico<\/h2>\t\t\t\t<\/div>\n\t\t\t\t<\/div>\n\t\t\t\t<div class=\"elementor-element elementor-element-23cf566 de_scroll_animation_no elementor-widget elementor-widget-text-editor\" data-id=\"23cf566\" data-element_type=\"widget\" data-e-type=\"widget\" data-widget_type=\"text-editor.default\">\n\t\t\t\t<div class=\"elementor-widget-container\">\n\t\t\t\t\t\t\t\t\t<p>Nuestro cuadro m\u00e9dico deportivo es una herramienta completa y accesible para localizar la atenci\u00f3n m\u00e9dica especializada que necesites en todo el territorio espa\u00f1ol. <br>Ofrece una amplia red de centros m\u00e9dicos clasificados por provincias, poblaciones y especialidades m\u00e9dicas, seleccionados todos ellos por su excelencia en la atenci\u00f3n a los deportistas.<\/p>\t\t\t\t\t\t\t\t<\/div>\n\t\t\t\t<\/div>\n\t\t\t\t<div class=\"elementor-element elementor-element-cc6906e de_scroll_animation_no elementor-widget elementor-widget-html\" data-id=\"cc6906e\" data-element_type=\"widget\" data-e-type=\"widget\" data-widget_type=\"html.default\">\n\t\t\t\t<div class=\"elementor-widget-container\">\n\t\t\t\t\t<iframe src=\"https:\/\/guia.mutuacat.cat\/guiamedica?lang=es\" name=\"iframe_a\" allow=\"geolocation *\" title=\"Iframe Example\" height=\"1000px\">\n<\/iframe>\t\t\t\t<\/div>\n\t\t\t\t<\/div>\n\t\t\t\t\t<\/div>\n\t\t\t\t<\/div>\n\t\t\t\t<\/div>\n\t\t","protected":false},"excerpt":{"rendered":"<p>Cuadro m\u00e9dico Encuentra tu m\u00e9dico Nuestro cuadro m\u00e9dico deportivo es una herramienta completa y accesible para localizar la atenci\u00f3n m\u00e9dica especializada que necesites en todo el territorio espa\u00f1ol. Ofrece una amplia red de centros m\u00e9dicos clasificados por provincias, poblaciones y especialidades m\u00e9dicas, seleccionados todos ellos por su excelencia en la atenci\u00f3n a los deportistas.<\/p>\n","protected":false},"author":5,"featured_media":2821,"parent":0,"menu_order":0,"comment_status":"closed","ping_status":"closed","template":"","meta":{"footnotes":""},"class_list":["post-2809","page","type-page","status-publish","has-post-thumbnail","hentry"],"yoast_head":"<!-- This site is optimized with the Yoast SEO Premium plugin v23.6 (Yoast SEO v26.9) - https:\/\/yoast.com\/product\/yoast-seo-premium-wordpress\/ -->\n<title>Cuadro m\u00e9dico<\/title>\n<meta name=\"description\" content=\"El cuadro m\u00e9dico deportivo de Mutuacat permite localizar la atenci\u00f3n m\u00e9dica especializada en deporte y ocio en todo el territorio espa\u00f1ol.\" \/>\n<meta name=\"robots\" content=\"index, follow, max-snippet:-1, max-image-preview:large, max-video-preview:-1\" \/>\n<link rel=\"canonical\" href=\"https:\/\/sport.mutuacat.org\/es\/cuadro-medico\/\" \/>\n<meta property=\"og:locale\" content=\"es_ES\" \/>\n<meta property=\"og:type\" content=\"article\" \/>\n<meta property=\"og:title\" content=\"Cuadro m\u00e9dico\" \/>\n<meta property=\"og:description\" content=\"El cuadro m\u00e9dico deportivo de Mutuacat permite localizar la atenci\u00f3n m\u00e9dica especializada en deporte y ocio en todo el territorio espa\u00f1ol.\" \/>\n<meta property=\"og:url\" content=\"https:\/\/sport.mutuacat.org\/es\/cuadro-medico\/\" \/>\n<meta property=\"og:site_name\" content=\"Sport Mutuacat\" \/>\n<meta property=\"article:publisher\" content=\"https:\/\/www.facebook.com\/mutuacat\" \/>\n<meta property=\"article:modified_time\" content=\"2026-03-27T13:02:26+00:00\" \/>\n<meta property=\"og:image\" content=\"https:\/\/sport.mutuacat.org\/wp-content\/uploads\/2024\/05\/GuiaMedica_Vr.jpg\" \/>\n\t<meta property=\"og:image:width\" content=\"2000\" \/>\n\t<meta property=\"og:image:height\" content=\"863\" \/>\n\t<meta property=\"og:image:type\" content=\"image\/jpeg\" \/>\n<meta name=\"twitter:card\" content=\"summary_large_image\" \/>\n<meta name=\"twitter:label1\" content=\"Tiempo de lectura\" \/>\n\t<meta name=\"twitter:data1\" content=\"1 minuto\" \/>\n<script type=\"application\/ld+json\" class=\"yoast-schema-graph\">{\"@context\":\"https:\/\/schema.org\",\"@graph\":[{\"@type\":\"WebPage\",\"@id\":\"https:\/\/sport.mutuacat.org\/es\/cuadro-medico\/\",\"url\":\"https:\/\/sport.mutuacat.org\/es\/cuadro-medico\/\",\"name\":\"Cuadro m\u00e9dico\",\"isPartOf\":{\"@id\":\"https:\/\/sport.mutuacat.org\/es\/#website\"},\"primaryImageOfPage\":{\"@id\":\"https:\/\/sport.mutuacat.org\/es\/cuadro-medico\/#primaryimage\"},\"image\":{\"@id\":\"https:\/\/sport.mutuacat.org\/es\/cuadro-medico\/#primaryimage\"},\"thumbnailUrl\":\"https:\/\/sport.mutuacat.org\/wp-content\/uploads\/2024\/05\/GuiaMedica_Vr.jpg\",\"datePublished\":\"2024-05-15T13:38:33+00:00\",\"dateModified\":\"2026-03-27T13:02:26+00:00\",\"description\":\"El cuadro m\u00e9dico deportivo de Mutuacat permite localizar la atenci\u00f3n m\u00e9dica especializada en deporte y ocio en todo el territorio espa\u00f1ol.\",\"breadcrumb\":{\"@id\":\"https:\/\/sport.mutuacat.org\/es\/cuadro-medico\/#breadcrumb\"},\"inLanguage\":\"es\",\"potentialAction\":[{\"@type\":\"ReadAction\",\"target\":[\"https:\/\/sport.mutuacat.org\/es\/cuadro-medico\/\"]}]},{\"@type\":\"ImageObject\",\"inLanguage\":\"es\",\"@id\":\"https:\/\/sport.mutuacat.org\/es\/cuadro-medico\/#primaryimage\",\"url\":\"https:\/\/sport.mutuacat.org\/wp-content\/uploads\/2024\/05\/GuiaMedica_Vr.jpg\",\"contentUrl\":\"https:\/\/sport.mutuacat.org\/wp-content\/uploads\/2024\/05\/GuiaMedica_Vr.jpg\",\"width\":2000,\"height\":863,\"caption\":\"Side view of active sportsman in protective helmet riding bike among nature during sunset. Muscular guy in activewear cycling on paved road.\"},{\"@type\":\"BreadcrumbList\",\"@id\":\"https:\/\/sport.mutuacat.org\/es\/cuadro-medico\/#breadcrumb\",\"itemListElement\":[{\"@type\":\"ListItem\",\"position\":1,\"name\":\"Inici\",\"item\":\"https:\/\/sport.mutuacat.org\/es\/\"},{\"@type\":\"ListItem\",\"position\":2,\"name\":\"Cuadro m\u00e9dico\"}]},{\"@type\":\"WebSite\",\"@id\":\"https:\/\/sport.mutuacat.org\/es\/#website\",\"url\":\"https:\/\/sport.mutuacat.org\/es\/\",\"name\":\"Sport Mutuacat\",\"description\":\"Sport Mutuacat\",\"publisher\":{\"@id\":\"https:\/\/sport.mutuacat.org\/es\/#organization\"},\"potentialAction\":[{\"@type\":\"SearchAction\",\"target\":{\"@type\":\"EntryPoint\",\"urlTemplate\":\"https:\/\/sport.mutuacat.org\/es\/?s={search_term_string}\"},\"query-input\":{\"@type\":\"PropertyValueSpecification\",\"valueRequired\":true,\"valueName\":\"search_term_string\"}}],\"inLanguage\":\"es\"},{\"@type\":\"Organization\",\"@id\":\"https:\/\/sport.mutuacat.org\/es\/#organization\",\"name\":\"Sport Mutuacat\",\"url\":\"https:\/\/sport.mutuacat.org\/es\/\",\"logo\":{\"@type\":\"ImageObject\",\"inLanguage\":\"es\",\"@id\":\"https:\/\/sport.mutuacat.org\/es\/#\/schema\/logo\/image\/\",\"url\":\"http:\/\/sport.mutuacat.org\/wp-content\/uploads\/2023\/12\/LogotipMutuacat-06-.png\",\"contentUrl\":\"http:\/\/sport.mutuacat.org\/wp-content\/uploads\/2023\/12\/LogotipMutuacat-06-.png\",\"width\":4697,\"height\":4028,\"caption\":\"Sport Mutuacat\"},\"image\":{\"@id\":\"https:\/\/sport.mutuacat.org\/es\/#\/schema\/logo\/image\/\"},\"sameAs\":[\"https:\/\/www.facebook.com\/mutuacat\",\"https:\/\/es.linkedin.com\/company\/mutuacat\",\"https:\/\/www.instagram.com\/mutuacat\/\"],\"publishingPrinciples\":\"https:\/\/sport.mutuacat.org\/\"}]}<\/script>\n<!-- \/ Yoast SEO Premium plugin. -->","yoast_head_json":{"title":"Cuadro m\u00e9dico","description":"El cuadro m\u00e9dico deportivo de Mutuacat permite localizar la atenci\u00f3n m\u00e9dica especializada en deporte y ocio en todo el territorio espa\u00f1ol.","robots":{"index":"index","follow":"follow","max-snippet":"max-snippet:-1","max-image-preview":"max-image-preview:large","max-video-preview":"max-video-preview:-1"},"canonical":"https:\/\/sport.mutuacat.org\/es\/cuadro-medico\/","og_locale":"es_ES","og_type":"article","og_title":"Cuadro m\u00e9dico","og_description":"El cuadro m\u00e9dico deportivo de Mutuacat permite localizar la atenci\u00f3n m\u00e9dica especializada en deporte y ocio en todo el territorio espa\u00f1ol.","og_url":"https:\/\/sport.mutuacat.org\/es\/cuadro-medico\/","og_site_name":"Sport Mutuacat","article_publisher":"https:\/\/www.facebook.com\/mutuacat","article_modified_time":"2026-03-27T13:02:26+00:00","og_image":[{"width":2000,"height":863,"url":"https:\/\/sport.mutuacat.org\/wp-content\/uploads\/2024\/05\/GuiaMedica_Vr.jpg","type":"image\/jpeg"}],"twitter_card":"summary_large_image","twitter_misc":{"Tiempo de lectura":"1 minuto"},"schema":{"@context":"https:\/\/schema.org","@graph":[{"@type":"WebPage","@id":"https:\/\/sport.mutuacat.org\/es\/cuadro-medico\/","url":"https:\/\/sport.mutuacat.org\/es\/cuadro-medico\/","name":"Cuadro m\u00e9dico","isPartOf":{"@id":"https:\/\/sport.mutuacat.org\/es\/#website"},"primaryImageOfPage":{"@id":"https:\/\/sport.mutuacat.org\/es\/cuadro-medico\/#primaryimage"},"image":{"@id":"https:\/\/sport.mutuacat.org\/es\/cuadro-medico\/#primaryimage"},"thumbnailUrl":"https:\/\/sport.mutuacat.org\/wp-content\/uploads\/2024\/05\/GuiaMedica_Vr.jpg","datePublished":"2024-05-15T13:38:33+00:00","dateModified":"2026-03-27T13:02:26+00:00","description":"El cuadro m\u00e9dico deportivo de Mutuacat permite localizar la atenci\u00f3n m\u00e9dica especializada en deporte y ocio en todo el territorio espa\u00f1ol.","breadcrumb":{"@id":"https:\/\/sport.mutuacat.org\/es\/cuadro-medico\/#breadcrumb"},"inLanguage":"es","potentialAction":[{"@type":"ReadAction","target":["https:\/\/sport.mutuacat.org\/es\/cuadro-medico\/"]}]},{"@type":"ImageObject","inLanguage":"es","@id":"https:\/\/sport.mutuacat.org\/es\/cuadro-medico\/#primaryimage","url":"https:\/\/sport.mutuacat.org\/wp-content\/uploads\/2024\/05\/GuiaMedica_Vr.jpg","contentUrl":"https:\/\/sport.mutuacat.org\/wp-content\/uploads\/2024\/05\/GuiaMedica_Vr.jpg","width":2000,"height":863,"caption":"Side view of active sportsman in protective helmet riding bike among nature during sunset. Muscular guy in activewear cycling on paved road."},{"@type":"BreadcrumbList","@id":"https:\/\/sport.mutuacat.org\/es\/cuadro-medico\/#breadcrumb","itemListElement":[{"@type":"ListItem","position":1,"name":"Inici","item":"https:\/\/sport.mutuacat.org\/es\/"},{"@type":"ListItem","position":2,"name":"Cuadro m\u00e9dico"}]},{"@type":"WebSite","@id":"https:\/\/sport.mutuacat.org\/es\/#website","url":"https:\/\/sport.mutuacat.org\/es\/","name":"Sport Mutuacat","description":"Sport Mutuacat","publisher":{"@id":"https:\/\/sport.mutuacat.org\/es\/#organization"},"potentialAction":[{"@type":"SearchAction","target":{"@type":"EntryPoint","urlTemplate":"https:\/\/sport.mutuacat.org\/es\/?s={search_term_string}"},"query-input":{"@type":"PropertyValueSpecification","valueRequired":true,"valueName":"search_term_string"}}],"inLanguage":"es"},{"@type":"Organization","@id":"https:\/\/sport.mutuacat.org\/es\/#organization","name":"Sport Mutuacat","url":"https:\/\/sport.mutuacat.org\/es\/","logo":{"@type":"ImageObject","inLanguage":"es","@id":"https:\/\/sport.mutuacat.org\/es\/#\/schema\/logo\/image\/","url":"http:\/\/sport.mutuacat.org\/wp-content\/uploads\/2023\/12\/LogotipMutuacat-06-.png","contentUrl":"http:\/\/sport.mutuacat.org\/wp-content\/uploads\/2023\/12\/LogotipMutuacat-06-.png","width":4697,"height":4028,"caption":"Sport Mutuacat"},"image":{"@id":"https:\/\/sport.mutuacat.org\/es\/#\/schema\/logo\/image\/"},"sameAs":["https:\/\/www.facebook.com\/mutuacat","https:\/\/es.linkedin.com\/company\/mutuacat","https:\/\/www.instagram.com\/mutuacat\/"],"publishingPrinciples":"https:\/\/sport.mutuacat.org\/"}]}},"_links":{"self":[{"href":"https:\/\/sport.mutuacat.org\/es\/wp-json\/wp\/v2\/pages\/2809","targetHints":{"allow":["GET"]}}],"collection":[{"href":"https:\/\/sport.mutuacat.org\/es\/wp-json\/wp\/v2\/pages"}],"about":[{"href":"https:\/\/sport.mutuacat.org\/es\/wp-json\/wp\/v2\/types\/page"}],"author":[{"embeddable":true,"href":"https:\/\/sport.mutuacat.org\/es\/wp-json\/wp\/v2\/users\/5"}],"replies":[{"embeddable":true,"href":"https:\/\/sport.mutuacat.org\/es\/wp-json\/wp\/v2\/comments?post=2809"}],"version-history":[{"count":23,"href":"https:\/\/sport.mutuacat.org\/es\/wp-json\/wp\/v2\/pages\/2809\/revisions"}],"predecessor-version":[{"id":6501,"href":"https:\/\/sport.mutuacat.org\/es\/wp-json\/wp\/v2\/pages\/2809\/revisions\/6501"}],"wp:featuredmedia":[{"embeddable":true,"href":"https:\/\/sport.mutuacat.org\/es\/wp-json\/wp\/v2\/media\/2821"}],"wp:attachment":[{"href":"https:\/\/sport.mutuacat.org\/es\/wp-json\/wp\/v2\/media?parent=2809"}],"curies":[{"name":"wp","href":"https:\/\/api.w.org\/{rel}","templated":true}]}}