{"id":3016,"date":"2024-05-15T15:38:33","date_gmt":"2024-05-15T13:38:33","guid":{"rendered":"http:\/\/sport.mutuacat.org\/medical-directory\/"},"modified":"2025-01-22T09:23:38","modified_gmt":"2025-01-22T08:23:38","slug":"medical-directory","status":"publish","type":"page","link":"https:\/\/sport.mutuacat.org\/en\/medical-directory\/","title":{"rendered":"Medical Directory"},"content":{"rendered":"\t\t<div data-elementor-type=\"wp-page\" data-elementor-id=\"3016\" class=\"elementor elementor-3016 elementor-2795\" data-elementor-post-type=\"page\">\n\t\t\t\t\t\t<section class=\"elementor-section elementor-top-section elementor-element elementor-element-34f8d8d1 elementor-section-height-min-height elementor-section-boxed elementor-section-height-default elementor-section-items-middle\" data-id=\"34f8d8d1\" data-element_type=\"section\" data-e-type=\"section\" data-settings=\"{&quot;background_background&quot;:&quot;classic&quot;}\">\n\t\t\t\t\t\t\t<div class=\"elementor-background-overlay\"><\/div>\n\t\t\t\t\t\t\t<div class=\"elementor-container elementor-column-gap-default\">\n\t\t\t\t\t<div class=\"elementor-column elementor-col-100 elementor-top-column elementor-element elementor-element-26d6fb44\" data-id=\"26d6fb44\" data-element_type=\"column\" data-e-type=\"column\">\n\t\t\t<div class=\"elementor-widget-wrap elementor-element-populated\">\n\t\t\t\t\t\t<div class=\"elementor-element elementor-element-5c8717d4 de_scroll_animation_no elementor-invisible elementor-widget elementor-widget-heading\" data-id=\"5c8717d4\" data-element_type=\"widget\" data-e-type=\"widget\" data-settings=\"{&quot;_animation&quot;:&quot;fadeIn&quot;}\" data-widget_type=\"heading.default\">\n\t\t\t\t<div class=\"elementor-widget-container\">\n\t\t\t\t\t<h1 class=\"elementor-heading-title elementor-size-default\">Medical Directory<\/h1>\t\t\t\t<\/div>\n\t\t\t\t<\/div>\n\t\t\t\t<div class=\"elementor-element elementor-element-74e1c53 elementor-icon-list--layout-inline elementor-align-center elementor-list-item-link-full_width de_scroll_animation_no elementor-invisible elementor-widget elementor-widget-icon-list\" data-id=\"74e1c53\" data-element_type=\"widget\" data-e-type=\"widget\" data-settings=\"{&quot;_animation&quot;:&quot;fadeIn&quot;,&quot;_animation_delay&quot;:200}\" data-widget_type=\"icon-list.default\">\n\t\t\t\t<div class=\"elementor-widget-container\">\n\t\t\t\t\t\t\t<ul class=\"elementor-icon-list-items elementor-inline-items\">\n\t\t\t\t\t\t\t<li class=\"elementor-icon-list-item elementor-inline-item\">\n\t\t\t\t\t\t\t\t\t\t\t<a href=\"https:\/\/sport.mutuacat.org\/en\/\">\n\n\t\t\t\t\t\t\t\t\t\t\t<span class=\"elementor-icon-list-text\">Home<\/span>\n\t\t\t\t\t\t\t\t\t\t\t<\/a>\n\t\t\t\t\t\t\t\t\t<\/li>\n\t\t\t\t\t\t\t\t<li class=\"elementor-icon-list-item elementor-inline-item\">\n\t\t\t\t\t\t\t\t\t\t\t<span class=\"elementor-icon-list-icon\">\n\t\t\t\t\t\t\t<i aria-hidden=\"true\" class=\"icon icon-right-arrow1\"><\/i>\t\t\t\t\t\t<\/span>\n\t\t\t\t\t\t\t\t\t\t<span class=\"elementor-icon-list-text\">Medical Directory<\/span>\n\t\t\t\t\t\t\t\t\t<\/li>\n\t\t\t\t\t\t<\/ul>\n\t\t\t\t\t\t<\/div>\n\t\t\t\t<\/div>\n\t\t\t\t\t<\/div>\n\t\t<\/div>\n\t\t\t\t\t<\/div>\n\t\t<\/section>\n\t\t<div class=\"elementor-element elementor-element-6a8f181 e-flex e-con-boxed e-con e-parent\" data-id=\"6a8f181\" data-element_type=\"container\" data-e-type=\"container\">\n\t\t\t\t\t<div class=\"e-con-inner\">\n\t\t\t\t<div class=\"elementor-element elementor-element-8d21431 de_scroll_animation_no elementor-invisible elementor-widget elementor-widget-text-editor\" data-id=\"8d21431\" data-element_type=\"widget\" data-e-type=\"widget\" data-settings=\"{&quot;_animation&quot;:&quot;fadeIn&quot;}\" data-widget_type=\"text-editor.default\">\n\t\t\t\t<div class=\"elementor-widget-container\">\n\t\t\t\t\t\t\t\t\t<p>Medical Directory<\/p>\n\t\t\t\t\t\t\t\t<\/div>\n\t\t\t\t<\/div>\n\t\t\t\t<div class=\"elementor-element elementor-element-ef1eefb de_scroll_animation_no elementor-invisible elementor-widget elementor-widget-heading\" data-id=\"ef1eefb\" data-element_type=\"widget\" data-e-type=\"widget\" data-settings=\"{&quot;_animation&quot;:&quot;fadeIn&quot;,&quot;_animation_delay&quot;:200}\" data-widget_type=\"heading.default\">\n\t\t\t\t<div class=\"elementor-widget-container\">\n\t\t\t\t\t<h2 class=\"elementor-heading-title elementor-size-default\">Find your doctor<\/h2>\t\t\t\t<\/div>\n\t\t\t\t<\/div>\n\t\t\t\t<div class=\"elementor-element elementor-element-23cf566 de_scroll_animation_no elementor-widget elementor-widget-text-editor\" data-id=\"23cf566\" data-element_type=\"widget\" data-e-type=\"widget\" data-widget_type=\"text-editor.default\">\n\t\t\t\t<div class=\"elementor-widget-container\">\n\t\t\t\t\t\t\t\t\t<p>Our sports medical directory is a complete and accessible tool to locate the specialized medical care you need throughout Spain. <br \/>It offers a wide network of medical centers classified by province, population and medical specialty, all of them selected for their excellence in the care of athletes.<\/p>\n\t\t\t\t\t\t\t\t<\/div>\n\t\t\t\t<\/div>\n\t\t\t\t<div class=\"elementor-element elementor-element-cc6906e de_scroll_animation_no elementor-widget elementor-widget-html\" data-id=\"cc6906e\" data-element_type=\"widget\" data-e-type=\"widget\" data-widget_type=\"html.default\">\n\t\t\t\t<div class=\"elementor-widget-container\">\n\t\t\t\t\t<iframe src=\"https:\/\/guia.mutuacat.cat\/guiamedica?lang=ca\" name=\"iframe_a\" allow=\"geolocation *\" title=\"Iframe Example\" height=\"1000px\">\n<\/iframe>\t\t\t\t<\/div>\n\t\t\t\t<\/div>\n\t\t\t\t\t<\/div>\n\t\t\t\t<\/div>\n\t\t\t\t<\/div>\n\t\t","protected":false},"excerpt":{"rendered":"<p>Medical Directory Home Medical Directory Medical Directory Find your doctor Our sports medical directory is a complete and accessible tool to locate the specialized medical care you need throughout Spain. It offers a wide network of medical centers classified by province, population and medical specialty, all of them selected for their excellence in the care [&hellip;]<\/p>\n","protected":false},"author":5,"featured_media":2819,"parent":0,"menu_order":0,"comment_status":"closed","ping_status":"closed","template":"","meta":{"footnotes":""},"class_list":["post-3016","page","type-page","status-publish","has-post-thumbnail","hentry"],"yoast_head":"<!-- This site is optimized with the Yoast SEO Premium plugin v23.6 (Yoast SEO v26.9) - https:\/\/yoast.com\/product\/yoast-seo-premium-wordpress\/ -->\n<title>Medical Directory - Sport Mutuacat<\/title>\n<meta name=\"description\" content=\"El cuadro m\u00e9dico deportivo de Mutuacat permite localizar la atenci\u00f3n m\u00e9dica especializada en deporte y ocio en todo el territorio espa\u00f1ol.\" \/>\n<meta name=\"robots\" content=\"index, follow, max-snippet:-1, max-image-preview:large, max-video-preview:-1\" \/>\n<link rel=\"canonical\" href=\"https:\/\/sport.mutuacat.org\/en\/medical-directory\/\" \/>\n<meta property=\"og:locale\" content=\"en_US\" \/>\n<meta property=\"og:type\" content=\"article\" \/>\n<meta property=\"og:title\" content=\"Medical Directory\" \/>\n<meta property=\"og:description\" content=\"El cuadro m\u00e9dico deportivo de Mutuacat permite localizar la atenci\u00f3n m\u00e9dica especializada en deporte y ocio en todo el territorio espa\u00f1ol.\" \/>\n<meta property=\"og:url\" content=\"https:\/\/sport.mutuacat.org\/en\/medical-directory\/\" \/>\n<meta property=\"og:site_name\" content=\"Sport Mutuacat\" \/>\n<meta property=\"article:publisher\" content=\"https:\/\/www.facebook.com\/mutuacat\" \/>\n<meta property=\"article:modified_time\" content=\"2025-01-22T08:23:38+00:00\" \/>\n<meta property=\"og:image\" content=\"https:\/\/sport.mutuacat.org\/wp-content\/uploads\/2024\/05\/GuiaMedica_Vr.jpg\" \/>\n\t<meta property=\"og:image:width\" content=\"2000\" \/>\n\t<meta property=\"og:image:height\" content=\"863\" \/>\n\t<meta property=\"og:image:type\" content=\"image\/jpeg\" \/>\n<meta name=\"twitter:card\" content=\"summary_large_image\" \/>\n<meta name=\"twitter:label1\" content=\"Est. reading time\" \/>\n\t<meta name=\"twitter:data1\" content=\"1 minute\" \/>\n<script type=\"application\/ld+json\" class=\"yoast-schema-graph\">{\"@context\":\"https:\/\/schema.org\",\"@graph\":[{\"@type\":\"WebPage\",\"@id\":\"https:\/\/sport.mutuacat.org\/en\/medical-directory\/\",\"url\":\"https:\/\/sport.mutuacat.org\/en\/medical-directory\/\",\"name\":\"Medical Directory - Sport Mutuacat\",\"isPartOf\":{\"@id\":\"https:\/\/sport.mutuacat.org\/en\/#website\"},\"primaryImageOfPage\":{\"@id\":\"https:\/\/sport.mutuacat.org\/en\/medical-directory\/#primaryimage\"},\"image\":{\"@id\":\"https:\/\/sport.mutuacat.org\/en\/medical-directory\/#primaryimage\"},\"thumbnailUrl\":\"https:\/\/sport.mutuacat.org\/wp-content\/uploads\/2024\/05\/GuiaMedica_Vr.jpg\",\"datePublished\":\"2024-05-15T13:38:33+00:00\",\"dateModified\":\"2025-01-22T08:23:38+00:00\",\"description\":\"El cuadro m\u00e9dico deportivo de Mutuacat permite localizar la atenci\u00f3n m\u00e9dica especializada en deporte y ocio en todo el territorio espa\u00f1ol.\",\"breadcrumb\":{\"@id\":\"https:\/\/sport.mutuacat.org\/en\/medical-directory\/#breadcrumb\"},\"inLanguage\":\"en-US\",\"potentialAction\":[{\"@type\":\"ReadAction\",\"target\":[\"https:\/\/sport.mutuacat.org\/en\/medical-directory\/\"]}]},{\"@type\":\"ImageObject\",\"inLanguage\":\"en-US\",\"@id\":\"https:\/\/sport.mutuacat.org\/en\/medical-directory\/#primaryimage\",\"url\":\"https:\/\/sport.mutuacat.org\/wp-content\/uploads\/2024\/05\/GuiaMedica_Vr.jpg\",\"contentUrl\":\"https:\/\/sport.mutuacat.org\/wp-content\/uploads\/2024\/05\/GuiaMedica_Vr.jpg\",\"width\":2000,\"height\":863,\"caption\":\"Side view of active sportsman in protective helmet riding bike among nature during sunset. Muscular guy in activewear cycling on paved road.\"},{\"@type\":\"BreadcrumbList\",\"@id\":\"https:\/\/sport.mutuacat.org\/en\/medical-directory\/#breadcrumb\",\"itemListElement\":[{\"@type\":\"ListItem\",\"position\":1,\"name\":\"Inici\",\"item\":\"https:\/\/sport.mutuacat.org\/en\/\"},{\"@type\":\"ListItem\",\"position\":2,\"name\":\"Medical Directory\"}]},{\"@type\":\"WebSite\",\"@id\":\"https:\/\/sport.mutuacat.org\/en\/#website\",\"url\":\"https:\/\/sport.mutuacat.org\/en\/\",\"name\":\"Sport Mutuacat\",\"description\":\"Sport Mutuacat\",\"publisher\":{\"@id\":\"https:\/\/sport.mutuacat.org\/en\/#organization\"},\"potentialAction\":[{\"@type\":\"SearchAction\",\"target\":{\"@type\":\"EntryPoint\",\"urlTemplate\":\"https:\/\/sport.mutuacat.org\/en\/?s={search_term_string}\"},\"query-input\":{\"@type\":\"PropertyValueSpecification\",\"valueRequired\":true,\"valueName\":\"search_term_string\"}}],\"inLanguage\":\"en-US\"},{\"@type\":\"Organization\",\"@id\":\"https:\/\/sport.mutuacat.org\/en\/#organization\",\"name\":\"Sport Mutuacat\",\"url\":\"https:\/\/sport.mutuacat.org\/en\/\",\"logo\":{\"@type\":\"ImageObject\",\"inLanguage\":\"en-US\",\"@id\":\"https:\/\/sport.mutuacat.org\/en\/#\/schema\/logo\/image\/\",\"url\":\"http:\/\/sport.mutuacat.org\/wp-content\/uploads\/2023\/12\/LogotipMutuacat-06-.png\",\"contentUrl\":\"http:\/\/sport.mutuacat.org\/wp-content\/uploads\/2023\/12\/LogotipMutuacat-06-.png\",\"width\":4697,\"height\":4028,\"caption\":\"Sport Mutuacat\"},\"image\":{\"@id\":\"https:\/\/sport.mutuacat.org\/en\/#\/schema\/logo\/image\/\"},\"sameAs\":[\"https:\/\/www.facebook.com\/mutuacat\",\"https:\/\/es.linkedin.com\/company\/mutuacat\",\"https:\/\/www.instagram.com\/mutuacat\/\"],\"publishingPrinciples\":\"https:\/\/sport.mutuacat.org\/\"}]}<\/script>\n<!-- \/ Yoast SEO Premium plugin. -->","yoast_head_json":{"title":"Medical Directory - Sport Mutuacat","description":"El cuadro m\u00e9dico deportivo de Mutuacat permite localizar la atenci\u00f3n m\u00e9dica especializada en deporte y ocio en todo el territorio espa\u00f1ol.","robots":{"index":"index","follow":"follow","max-snippet":"max-snippet:-1","max-image-preview":"max-image-preview:large","max-video-preview":"max-video-preview:-1"},"canonical":"https:\/\/sport.mutuacat.org\/en\/medical-directory\/","og_locale":"en_US","og_type":"article","og_title":"Medical Directory","og_description":"El cuadro m\u00e9dico deportivo de Mutuacat permite localizar la atenci\u00f3n m\u00e9dica especializada en deporte y ocio en todo el territorio espa\u00f1ol.","og_url":"https:\/\/sport.mutuacat.org\/en\/medical-directory\/","og_site_name":"Sport Mutuacat","article_publisher":"https:\/\/www.facebook.com\/mutuacat","article_modified_time":"2025-01-22T08:23:38+00:00","og_image":[{"width":2000,"height":863,"url":"https:\/\/sport.mutuacat.org\/wp-content\/uploads\/2024\/05\/GuiaMedica_Vr.jpg","type":"image\/jpeg"}],"twitter_card":"summary_large_image","twitter_misc":{"Est. reading time":"1 minute"},"schema":{"@context":"https:\/\/schema.org","@graph":[{"@type":"WebPage","@id":"https:\/\/sport.mutuacat.org\/en\/medical-directory\/","url":"https:\/\/sport.mutuacat.org\/en\/medical-directory\/","name":"Medical Directory - Sport Mutuacat","isPartOf":{"@id":"https:\/\/sport.mutuacat.org\/en\/#website"},"primaryImageOfPage":{"@id":"https:\/\/sport.mutuacat.org\/en\/medical-directory\/#primaryimage"},"image":{"@id":"https:\/\/sport.mutuacat.org\/en\/medical-directory\/#primaryimage"},"thumbnailUrl":"https:\/\/sport.mutuacat.org\/wp-content\/uploads\/2024\/05\/GuiaMedica_Vr.jpg","datePublished":"2024-05-15T13:38:33+00:00","dateModified":"2025-01-22T08:23:38+00:00","description":"El cuadro m\u00e9dico deportivo de Mutuacat permite localizar la atenci\u00f3n m\u00e9dica especializada en deporte y ocio en todo el territorio espa\u00f1ol.","breadcrumb":{"@id":"https:\/\/sport.mutuacat.org\/en\/medical-directory\/#breadcrumb"},"inLanguage":"en-US","potentialAction":[{"@type":"ReadAction","target":["https:\/\/sport.mutuacat.org\/en\/medical-directory\/"]}]},{"@type":"ImageObject","inLanguage":"en-US","@id":"https:\/\/sport.mutuacat.org\/en\/medical-directory\/#primaryimage","url":"https:\/\/sport.mutuacat.org\/wp-content\/uploads\/2024\/05\/GuiaMedica_Vr.jpg","contentUrl":"https:\/\/sport.mutuacat.org\/wp-content\/uploads\/2024\/05\/GuiaMedica_Vr.jpg","width":2000,"height":863,"caption":"Side view of active sportsman in protective helmet riding bike among nature during sunset. Muscular guy in activewear cycling on paved road."},{"@type":"BreadcrumbList","@id":"https:\/\/sport.mutuacat.org\/en\/medical-directory\/#breadcrumb","itemListElement":[{"@type":"ListItem","position":1,"name":"Inici","item":"https:\/\/sport.mutuacat.org\/en\/"},{"@type":"ListItem","position":2,"name":"Medical Directory"}]},{"@type":"WebSite","@id":"https:\/\/sport.mutuacat.org\/en\/#website","url":"https:\/\/sport.mutuacat.org\/en\/","name":"Sport Mutuacat","description":"Sport Mutuacat","publisher":{"@id":"https:\/\/sport.mutuacat.org\/en\/#organization"},"potentialAction":[{"@type":"SearchAction","target":{"@type":"EntryPoint","urlTemplate":"https:\/\/sport.mutuacat.org\/en\/?s={search_term_string}"},"query-input":{"@type":"PropertyValueSpecification","valueRequired":true,"valueName":"search_term_string"}}],"inLanguage":"en-US"},{"@type":"Organization","@id":"https:\/\/sport.mutuacat.org\/en\/#organization","name":"Sport Mutuacat","url":"https:\/\/sport.mutuacat.org\/en\/","logo":{"@type":"ImageObject","inLanguage":"en-US","@id":"https:\/\/sport.mutuacat.org\/en\/#\/schema\/logo\/image\/","url":"http:\/\/sport.mutuacat.org\/wp-content\/uploads\/2023\/12\/LogotipMutuacat-06-.png","contentUrl":"http:\/\/sport.mutuacat.org\/wp-content\/uploads\/2023\/12\/LogotipMutuacat-06-.png","width":4697,"height":4028,"caption":"Sport Mutuacat"},"image":{"@id":"https:\/\/sport.mutuacat.org\/en\/#\/schema\/logo\/image\/"},"sameAs":["https:\/\/www.facebook.com\/mutuacat","https:\/\/es.linkedin.com\/company\/mutuacat","https:\/\/www.instagram.com\/mutuacat\/"],"publishingPrinciples":"https:\/\/sport.mutuacat.org\/"}]}},"_links":{"self":[{"href":"https:\/\/sport.mutuacat.org\/en\/wp-json\/wp\/v2\/pages\/3016","targetHints":{"allow":["GET"]}}],"collection":[{"href":"https:\/\/sport.mutuacat.org\/en\/wp-json\/wp\/v2\/pages"}],"about":[{"href":"https:\/\/sport.mutuacat.org\/en\/wp-json\/wp\/v2\/types\/page"}],"author":[{"embeddable":true,"href":"https:\/\/sport.mutuacat.org\/en\/wp-json\/wp\/v2\/users\/5"}],"replies":[{"embeddable":true,"href":"https:\/\/sport.mutuacat.org\/en\/wp-json\/wp\/v2\/comments?post=3016"}],"version-history":[{"count":10,"href":"https:\/\/sport.mutuacat.org\/en\/wp-json\/wp\/v2\/pages\/3016\/revisions"}],"predecessor-version":[{"id":4559,"href":"https:\/\/sport.mutuacat.org\/en\/wp-json\/wp\/v2\/pages\/3016\/revisions\/4559"}],"wp:featuredmedia":[{"embeddable":true,"href":"https:\/\/sport.mutuacat.org\/en\/wp-json\/wp\/v2\/media\/2819"}],"wp:attachment":[{"href":"https:\/\/sport.mutuacat.org\/en\/wp-json\/wp\/v2\/media?parent=3016"}],"curies":[{"name":"wp","href":"https:\/\/api.w.org\/{rel}","templated":true}]}}